{"id":1360,"date":"2023-05-22T00:00:45","date_gmt":"2023-05-22T00:00:45","guid":{"rendered":"http:\/\/www.fadsartacademy.com\/?page_id=1360"},"modified":"2024-12-10T20:26:53","modified_gmt":"2024-12-10T20:26:53","slug":"in-studio-courses","status":"publish","type":"page","link":"https:\/\/www.fadsartacademy.com\/tr\/in-studio-courses\/","title":{"rendered":"Sanat ve Tasar\u0131m Portfolio Haz\u0131rl\u0131k \/ Kurslar\u0131"},"content":{"rendered":"<div class=\"fusion-fullwidth fullwidth-box fusion-builder-row-9 fusion-flex-container has-pattern-background has-mask-background nonhundred-percent-fullwidth non-hundred-percent-height-scrolling\" style=\"--awb-border-radius-top-left:0px;--awb-border-radius-top-right:0px;--awb-border-radius-bottom-right:0px;--awb-border-radius-bottom-left:0px;--awb-padding-right:0px;--awb-margin-top:150.997px;\">\n<div class=\"fusion-builder-row fusion-row fusion-flex-align-items-flex-start\" style=\"max-width:1216.8px;margin-left: calc(-4% \/ 2 );margin-right: calc(-4% \/ 2 );\">\n<div class=\"fusion-layout-column fusion_builder_column fusion-builder-column-23 fusion_builder_column_1_1 1_1 fusion-flex-column\" style=\"--awb-bg-size:cover;--awb-width-large:100%;--awb-margin-top-large:0px;--awb-spacing-right-large:1.92%;--awb-margin-bottom-large:0px;--awb-spacing-left-large:1.92%;--awb-width-medium:100%;--awb-order-medium:0;--awb-spacing-right-medium:1.92%;--awb-spacing-left-medium:1.92%;--awb-width-small:100%;--awb-order-small:0;--awb-spacing-right-small:1.92%;--awb-spacing-left-small:1.92%;\">\n<div class=\"fusion-column-wrapper fusion-column-has-shadow fusion-flex-justify-content-flex-start fusion-content-layout-column\">\n<div class=\"fusion-title title fusion-title-14 fusion-sep-none fusion-title-text fusion-title-size-two\">\n<h2 class=\"title-heading-left fusion-responsive-typography-calculated\" style='font-family:\"Akshar\";font-style:normal;font-weight:300;margin:0;text-transform:capitalize;--fontSize:60;line-height:var(--awb-typography1-line-height);'><span data-fusion-font=\"true\" data-fusion-google-font=\"Akshar\" data-fusion-google-variant=\"300\" style=\"font-family: Akshar; font-weight: 300;\">Sanat ve Tasar\u0131m Portfolio Haz\u0131rl\u0131k \/ Kurslar\u0131<\/span><\/h2>\n<\/div>\n<div class=\"fusion-image-element\" style=\"--awb-aspect-ratio: 100 \/ 37;--awb-object-position:57% 33%;--awb-caption-title-font-family:var(--h2_typography-font-family);--awb-caption-title-font-weight:var(--h2_typography-font-weight);--awb-caption-title-font-style:var(--h2_typography-font-style);--awb-caption-title-size:var(--h2_typography-font-size);--awb-caption-title-transform:var(--h2_typography-text-transform);--awb-caption-title-line-height:var(--h2_typography-line-height);--awb-caption-title-letter-spacing:var(--h2_typography-letter-spacing);\"><span class=\"image-scroll\"><img alt=\"\" class=\"lazyload img-responsive wp-image-1546 img-with-aspect-ratio\" data-orig-sizes=\"(max-width: 1024px) 100vw, (max-width: 640px) 100vw, 1200px\" data-orig-src=\"http:\/\/www.fadsartacademy.com\/wp-content\/uploads\/2023\/06\/z4-scaled.jpg\" data-sizes=\"auto\" data-srcset=\"https:\/\/www.fadsartacademy.com\/wp-content\/uploads\/2023\/06\/z4-200x149.jpg 200w, https:\/\/www.fadsartacademy.com\/wp-content\/uploads\/2023\/06\/z4-400x297.jpg 400w, https:\/\/www.fadsartacademy.com\/wp-content\/uploads\/2023\/06\/z4-600x446.jpg 600w, https:\/\/www.fadsartacademy.com\/wp-content\/uploads\/2023\/06\/z4-800x595.jpg 800w, https:\/\/www.fadsartacademy.com\/wp-content\/uploads\/2023\/06\/z4-1200x892.jpg 1200w, https:\/\/www.fadsartacademy.com\/wp-content\/uploads\/2023\/06\/z4-scaled.jpg 2560w\" decoding=\"async\" height=\"1903\" src=\"https:\/\/www.fadsartacademy.com\/wp-content\/uploads\/2023\/06\/z4-scaled.jpg\" srcset=\"data:image\/svg+xml,%3Csvg%20xmlns%3D%27http%3A%2F%2Fwww.w3.org%2F2000%2Fsvg%27%20width%3D%272560%27%20height%3D%271903%27%20viewBox%3D%270%200%202560%201903%27%3E%3Crect%20width%3D%272560%27%20height%3D%271903%27%20fill-opacity%3D%220%22%2F%3E%3C%2Fsvg%3E\" title=\"z4\" width=\"2560\"\/><\/span><\/div>\n<\/div>\n<\/div>\n<div class=\"fusion-layout-column fusion_builder_column fusion-builder-column-24 fusion_builder_column_1_1 1_1 fusion-flex-column\" style=\"--awb-bg-size:cover;--awb-width-large:100%;--awb-margin-top-large:0px;--awb-spacing-right-large:1.92%;--awb-margin-bottom-large:0px;--awb-spacing-left-large:1.92%;--awb-width-medium:100%;--awb-order-medium:0;--awb-spacing-right-medium:1.92%;--awb-spacing-left-medium:1.92%;--awb-width-small:100%;--awb-order-small:0;--awb-spacing-right-small:1.92%;--awb-spacing-left-small:1.92%;\">\n<div class=\"fusion-column-wrapper fusion-column-has-shadow fusion-flex-justify-content-flex-start fusion-content-layout-column\">\n<div class=\"fusion-text fusion-text-8\">\n<p><span style=\"color: var(--awb-text-color); font-family: var(--awb-text-font-family); font-size: var(--awb-font-size); font-style: var(--awb-text-font-style); font-weight: var(--awb-text-font-weight); letter-spacing: var(--awb-letter-spacing); text-align: var(--awb-content-alignment); text-transform: var(--awb-text-transform); background-color: var(--awb-bg-color);\"><br \/><\/span><\/p>\n<p><span style=\"background-color: var(--awb-bg-color); color: var(--awb-text-color); font-family: var(--awb-text-font-family); font-size: var(--awb-font-size); font-style: var(--awb-text-font-style); font-weight: var(--awb-text-font-weight); letter-spacing: var(--awb-letter-spacing); text-align: var(--awb-content-alignment); text-transform: var(--awb-text-transform);\"> Are you ready to develop your skills and take your art and design to the next level by gaining admission to the world\u2019s top academies? You\u2019ve come to the right place at Fine Arts &amp; Design School (F.A.D.S). We offer in-person Portfolio Creation Courses that will bring out your unique talent and creativity to build a successful portfolio.<\/span><\/p>\n<p>Fine Arts &amp; Design School (F.A.D.S) olarak tam arad\u0131\u011f\u0131n\u0131z yerdesiniz. Ba\u015far\u0131l\u0131 bir portfolyo olu\u015fturmak i\u00e7in benzersiz yetene\u011finizi, yarat\u0131c\u0131l\u0131\u011f\u0131n\u0131z\u0131 ortaya \u00e7\u0131karacak olan y\u00fcz y\u00fcze Portfolyo Olu\u015fturma Kurslar\u0131 sunuyoruz.<\/p>\n<p>With our tailored educational program, we aim for our students\u2019 portfolios to stand out and become accepted by the schools they apply to.<\/p>\n<p>Neden y\u00fcz y\u00fcze Portfolyo Olu\u015fturma Kurslar\u0131m\u0131z\u0131 tercih etmelisiniz? \u0130\u015fte sadece birka\u00e7 sebep:<\/p>\n<p>* Uzman Rehberlik: Kurslar\u0131m\u0131z, kendi alan\u0131nda deneyimli ve ba\u015far\u0131l\u0131 sanat\u00e7\u0131 olan, bu alanda son derece deneyimli e\u011fitmenler taraf\u0131ndan y\u00f6netilmektedir. Size her ad\u0131mda rehberlik etmek i\u00e7in uzmanl\u0131klar\u0131n\u0131, end\u00fcstri bilgilerini ve sanata olan tutkular\u0131n\u0131 sunuyorlar. FADS Becerilerinizi geli\u015ftirmenize, do\u011fru haz\u0131rlanman\u0131za yard\u0131mc\u0131 olmak i\u00e7in metodlar\u0131 payla\u015fmaya  haz\u0131r\u0131z.<\/p>\n<p>* Uygulamal\u0131 Yakla\u015f\u0131m: FADS akademide , Farkl\u0131 projeler \u00fczerinde \u00e7al\u0131\u015facak \u00e7e\u015fitli uygulamalar\u0131 ke\u015ffedecek ve \u00e7e\u015fitli sanatsal tarzlarla denemeler yapabileceksiniz.  Biz \u00f6\u011frenmeyi, yaparak ve  uygulayarak anlatmay\u0131 bir g\u00fc\u00e7 olarak deneyimliyoruz. Anlatt\u0131klar\u0131n\u0131 do\u011fru uygulayan mentorleri izleyerek \u00f6\u011frenmenin h\u0131z\u0131n\u0131, motivasyonunu \u00f6nemi ve de\u011ferini sizlere sunuyoruz.<\/p>\n<p>* \t\tCustomizable Curriculum: We recognize that every artist is unique, with their own artistic goals and aspirations. That\u2019s why our face-to-face Portfolio Creation Courses are designed to be flexible and adaptable, tailoring the direction based on each student\u2019s individual goals and interests.<\/p>\n<p>* \t\tNetworking Opportunities: F.A.D.S is not just a school; it is a vibrant community of artists and art enthusiasts. Throughout your time with us, you\u2019ll have the chance to connect, exchange ideas, and establish valuable relationships with international teachers, coordinators, and designers. We support our students in reaching out to numerous institutions, facilitating meetings and collaborations.<\/p>\n<p>* F.A.D.S, bir\u00e7ok olanaklara ve sanatsal ke\u015fif i\u00e7in ideal bir ortam sunan donan\u0131ml\u0131 st\u00fcdyolara sahiptir. Yarat\u0131c\u0131 \u00e7abalar\u0131n\u0131z\u0131 desteklemek ve sanatsal vizyonlar\u0131n\u0131z\u0131 hayata ge\u00e7irmenize yard\u0131mc\u0131 olmak i\u00e7in en son ara\u00e7lara, malzemelere ve ekipmana sahibiz.  \u00e7al\u0131\u015fma alanlar\u0131na, \u00f6zel sanat malzemelerine ve son teknolojiye eri\u015fiminiz olacak, b\u00f6ylece etkileyici portfolyo par\u00e7alar\u0131 olu\u015fturman\u0131z i\u00e7in ihtiya\u00e7 duydu\u011funuz her \u015feye sahip olacaks\u0131n\u0131z.<\/p>\n<p>\n<span style=\"position: absolute; left: -9655px; width: 1px; height: 1px;\"><\/p>\n<p><\/span><br \/>\n* \t\tWe believe in the added value and vision that comes with being in the presence of mentors through F.A.D.S\u2019 face-to-face Portfolio Creation Courses. Whether you\u2019re a beginner looking to build a strong foundation or an experienced artist aiming to enhance your portfolio, our courses are designed to meet your needs and exceed your expectations.<\/p>\n<p><span style=\"color: var(--awb-text-color); font-family: var(--awb-text-font-family); font-size: var(--awb-font-size); font-style: var(--awb-text-font-style); font-weight: var(--awb-text-font-weight); letter-spacing: var(--awb-letter-spacing); text-align: var(--awb-content-alignment); text-transform: var(--awb-text-transform); background-color: var(--awb-bg-color);\">Meet your potential and track your progress with F.A.D.S\u2026<\/span><\/p>\n<\/div>\n<\/div>\n<\/div>\n<\/div>\n<\/div>","protected":false},"excerpt":{"rendered":"<p>Art and Design Foundation \/ In Studio Courses Are you ready to develop your skills and take your art and design to the next level by gaining admission to the world\u2019s top academies? You\u2019ve come [&hellip;]<\/p>","protected":false},"author":1,"featured_media":0,"parent":0,"menu_order":0,"comment_status":"closed","ping_status":"closed","template":"","meta":{"footnotes":""},"class_list":["post-1360","page","type-page","status-publish","hentry"],"_links":{"self":[{"href":"https:\/\/www.fadsartacademy.com\/tr\/wp-json\/wp\/v2\/pages\/1360","targetHints":{"allow":["GET"]}}],"collection":[{"href":"https:\/\/www.fadsartacademy.com\/tr\/wp-json\/wp\/v2\/pages"}],"about":[{"href":"https:\/\/www.fadsartacademy.com\/tr\/wp-json\/wp\/v2\/types\/page"}],"author":[{"embeddable":true,"href":"https:\/\/www.fadsartacademy.com\/tr\/wp-json\/wp\/v2\/users\/1"}],"replies":[{"embeddable":true,"href":"https:\/\/www.fadsartacademy.com\/tr\/wp-json\/wp\/v2\/comments?post=1360"}],"version-history":[{"count":18,"href":"https:\/\/www.fadsartacademy.com\/tr\/wp-json\/wp\/v2\/pages\/1360\/revisions"}],"predecessor-version":[{"id":1753,"href":"https:\/\/www.fadsartacademy.com\/tr\/wp-json\/wp\/v2\/pages\/1360\/revisions\/1753"}],"wp:attachment":[{"href":"https:\/\/www.fadsartacademy.com\/tr\/wp-json\/wp\/v2\/media?parent=1360"}],"curies":[{"name":"wp","href":"https:\/\/api.w.org\/{rel}","templated":true}]}}