{"id":1365,"date":"2023-05-22T01:59:08","date_gmt":"2023-05-22T01:59:08","guid":{"rendered":"http:\/\/www.fadsartacademy.com\/?page_id=1365"},"modified":"2024-12-10T20:26:47","modified_gmt":"2024-12-10T20:26:47","slug":"online-courses","status":"publish","type":"page","link":"https:\/\/www.fadsartacademy.com\/tr\/online-courses\/","title":{"rendered":"Sanat ve Tasar\u0131m Portfolyo Haz\u0131rl\u0131k \/ Online Kurslar"},"content":{"rendered":"<div class=\"fusion-fullwidth fullwidth-box fusion-builder-row-3 fusion-flex-container has-pattern-background has-mask-background nonhundred-percent-fullwidth non-hundred-percent-height-scrolling\" style=\"--awb-border-radius-top-left:0px;--awb-border-radius-top-right:0px;--awb-border-radius-bottom-right:0px;--awb-border-radius-bottom-left:0px;\">\n<div class=\"fusion-builder-row fusion-row fusion-flex-align-items-flex-start\" style=\"max-width:1216.8px;margin-left: calc(-4% \/ 2 );margin-right: calc(-4% \/ 2 );\">\n<div class=\"fusion-layout-column fusion_builder_column fusion-builder-column-1 fusion_builder_column_1_1 1_1 fusion-flex-column\" style=\"--awb-bg-size:cover;--awb-width-large:100%;--awb-margin-top-large:0px;--awb-spacing-right-large:1.92%;--awb-margin-bottom-large:0px;--awb-spacing-left-large:1.92%;--awb-width-medium:100%;--awb-order-medium:0;--awb-spacing-right-medium:1.92%;--awb-spacing-left-medium:1.92%;--awb-width-small:100%;--awb-order-small:0;--awb-spacing-right-small:1.92%;--awb-spacing-left-small:1.92%;\">\n<div class=\"fusion-column-wrapper fusion-column-has-shadow fusion-flex-justify-content-flex-start fusion-content-layout-column\">\n<div class=\"fusion-title title fusion-title-2 fusion-sep-none fusion-title-text fusion-title-size-two\" style=\"--awb-margin-top:150px;\">\n<h2 class=\"title-heading-left fusion-responsive-typography-calculated\" style='font-family:\"Akshar\";font-style:normal;font-weight:300;margin:0;text-transform:capitalize;--fontSize:60;line-height:var(--awb-typography1-line-height);'>Sanat ve Tasar\u0131m Portfolyo Haz\u0131rl\u0131k \/ Online Kurslar<\/h2>\n<\/div>\n<div class=\"fusion-image-element\" style=\"--awb-aspect-ratio:3 \/ 1;--awb-object-position:25% 8%;--awb-caption-title-font-family:var(--h2_typography-font-family);--awb-caption-title-font-weight:var(--h2_typography-font-weight);--awb-caption-title-font-style:var(--h2_typography-font-style);--awb-caption-title-size:var(--h2_typography-font-size);--awb-caption-title-transform:var(--h2_typography-text-transform);--awb-caption-title-line-height:var(--h2_typography-line-height);--awb-caption-title-letter-spacing:var(--h2_typography-letter-spacing);\"><span class=\"image-scroll\"><img alt=\"\" class=\"lazyload img-responsive wp-image-1282 img-with-aspect-ratio\" data-orig-sizes=\"(max-width: 1024px) 100vw, (max-width: 640px) 100vw, 1200px\" data-orig-src=\"http:\/\/www.fadsartacademy.com\/wp-content\/uploads\/2023\/05\/6A61B7AA-B0D8-4FEA-9583-490B0FAF01E0.png\" data-sizes=\"auto\" data-srcset=\"https:\/\/www.fadsartacademy.com\/wp-content\/uploads\/2023\/05\/6A61B7AA-B0D8-4FEA-9583-490B0FAF01E0-200x165.png 200w, https:\/\/www.fadsartacademy.com\/wp-content\/uploads\/2023\/05\/6A61B7AA-B0D8-4FEA-9583-490B0FAF01E0-400x329.png 400w, https:\/\/www.fadsartacademy.com\/wp-content\/uploads\/2023\/05\/6A61B7AA-B0D8-4FEA-9583-490B0FAF01E0-600x494.png 600w, https:\/\/www.fadsartacademy.com\/wp-content\/uploads\/2023\/05\/6A61B7AA-B0D8-4FEA-9583-490B0FAF01E0-800x658.png 800w, https:\/\/www.fadsartacademy.com\/wp-content\/uploads\/2023\/05\/6A61B7AA-B0D8-4FEA-9583-490B0FAF01E0-1200x987.png 1200w, https:\/\/www.fadsartacademy.com\/wp-content\/uploads\/2023\/05\/6A61B7AA-B0D8-4FEA-9583-490B0FAF01E0.png 4096w\" decoding=\"async\" height=\"3370\" src=\"https:\/\/www.fadsartacademy.com\/wp-content\/uploads\/2023\/05\/6A61B7AA-B0D8-4FEA-9583-490B0FAF01E0.png\" srcset=\"data:image\/svg+xml,%3Csvg%20xmlns%3D%27http%3A%2F%2Fwww.w3.org%2F2000%2Fsvg%27%20width%3D%274096%27%20height%3D%273370%27%20viewBox%3D%270%200%204096%203370%27%3E%3Crect%20width%3D%274096%27%20height%3D%273370%27%20fill-opacity%3D%220%22%2F%3E%3C%2Fsvg%3E\" title=\"6A61B7AA-B0D8-4FEA-9583-490B0FAF01E0\" width=\"4096\"\/><\/span><\/div>\n<div class=\"fusion-text fusion-text-2\">\n<p><span style=\"color: var(--awb-text-color); font-family: var(--awb-text-font-family); font-size: var(--awb-font-size); font-style: var(--awb-text-font-style); font-weight: var(--awb-text-font-weight); letter-spacing: var(--awb-letter-spacing); text-align: var(--awb-content-alignment); text-transform: var(--awb-text-transform); background-color: var(--awb-bg-color);\"><br \/><\/span><\/p>\n<p> <span style=\"color: var(--awb-text-color); font-family: var(--awb-text-font-family); font-size: var(--awb-font-size); font-style: var(--awb-text-font-style); font-weight: var(--awb-text-font-weight); letter-spacing: var(--awb-letter-spacing); text-align: var(--awb-content-alignment); text-transform: var(--awb-text-transform); background-color: var(--awb-bg-color);\"> F.A.D.S (School of Fine Arts and Design) offers a comprehensive series of \u201cportfolio preparation video lessons\u201d designed for promising artists and designers. By incorporating these video lessons into our program, we provide the opportunity for students to repeatedly access fundamental knowledge and methodologies, believing that this accelerates the learning process. The content, created by experienced professionals well-versed in the industry, includes unique narratives and applications that go beyond the conventional.<\/span><\/p>\n<p>\u00d6\u011frencilerimizle, mesafeleri ortadan kald\u0131rmay\u0131 ba\u015fard\u0131\u011f\u0131m\u0131z bu e\u011fitim arac\u0131 sayesinde kendi metodlar\u0131m\u0131z\u0131, d\u00fcnyan\u0131n farkl\u0131 yerlerindeki adaylarla payla\u015fabiliyoruz. T\u00fcrkiye'de ilk kez ger\u00e7ekle\u015ftirilen sanat ve tasar\u0131m teknikleri video dersleriyle, ald\u0131\u011f\u0131m\u0131z geri bildirimler ve elde etti\u011fimiz ba\u015far\u0131lardan mutluluk duyuyoruz. <span style=\"color: var(--awb-text-color); font-family: var(--awb-text-font-family); font-size: var(--awb-font-size); font-style: var(--awb-text-font-style); font-weight: var(--awb-text-font-weight); letter-spacing: var(--awb-letter-spacing); text-align: var(--awb-content-alignment); text-transform: var(--awb-text-transform); background-color: var(--awb-bg-color);\">We are delighted with the feedback and achievements we have received through the first-ever art and design techniques video lessons in Turkey.<\/span><\/p>\n<p>\u2013 Art and Design Methods\u2019 video lessons.<\/p>\n<p>The \u201cArt and Design Method Video\u201d series is an essential part of F.A.D.S Art Academy\u2019s portfolio preparation education, providing excellent in-person training at our studio and enabling us to share our education with students from distant locations. Over the years, we have witnessed many students develop the skills to create their own portfolios through the \u201cart and design methods\u201d video lessons. You can watch and revisit these video lessons multiple times, offering you the convenience of learning at your own pace. Our goal is to help you reach the envisioned level of understanding the fundamen knowledge required for portfolio preparation through engaging explanations, examples, and practical applications in these video lessons.<\/p>\n<p>\u2013 Digital Art \/ 101<\/p>\n<p>\n<span style=\"position: absolute; left: -9655px; width: 1px; height: 1px;\"><\/p>\n<p><\/span><br \/>\nF.A.D.S Sanat Akademisi, portfolyo haz\u0131rl\u0131k e\u011fitiminin \u00f6nemli bir par\u00e7as\u0131 olan ve fark yaratan dijital tasar\u0131m programlar\u0131 e\u011fitimi sunmaktad\u0131r. Bu programlar, tasar\u0131mc\u0131lar\u0131n kullan\u0131m tekniklerinin anlat\u0131ld\u0131\u011f\u0131 bir dizi video derslerle, \u00f6\u011frencilere portfolyolar\u0131n\u0131 daha da g\u00fc\u00e7lendirmede yard\u0131mc\u0131 olmaktad\u0131r. Bir tasar\u0131mc\u0131 aday\u0131n\u0131n ihtiya\u00e7 duydu\u011fu sanat ve tasar\u0131m yapma hedefli program i\u00e7eri\u011fiyle, gereksiz bilgilerden uzak, multimedya kullan\u0131m\u0131n\u0131 ve dijital \u00e7\u00f6z\u00fcmleri i\u00e7eren dijital sanat dersleri \u00f6\u011frencilerimiz i\u00e7in planlad\u0131k. Verilen dijital sanat dersleri sayesinde farkl\u0131 aktar\u0131m bi\u00e7imleri i\u00e7in se\u00e7enekler yarat\u0131p, ba\u015fvurulacak tasar\u0131m okullar\u0131 i\u00e7in iyi bir haz\u0131rl\u0131k yapm\u0131\u015f oluyoruz. Bu derslerde, program bilgileri d\u0131\u015f\u0131nda tasar\u0131m s\u00fcre\u00e7lerinin nas\u0131l yap\u0131ld\u0131\u011f\u0131na \u015fahit olacaks\u0131n\u0131z. Programlar\u0131 \u00f6\u011frenirken yarat\u0131c\u0131 y\u00f6n\u00fcn\u00fcz\u00fcn de geli\u015fti\u011fini deneyimleyecek ve portfolyolar\u0131n\u0131zda kullanabileceksiniz.<\/p>\n<p>In these courses, students gain insight not only into program details but also into the design processes. They will witness how creativity is fostered while acquiring skills that can be effectively applied to their portfolios. Our experienced mentors have consistently witnessed how proficiency in design programs enhances students\u2019 expressive abilities over the years.<\/p>\n<\/div>\n<\/div>\n<\/div>\n<\/div>\n<\/div>","protected":false},"excerpt":{"rendered":"<p>Art and Design Foundation \/ Online Courses F.A.D.S (School of Fine Arts and Design) offers a comprehensive series of \u201cportfolio preparation video lessons\u201d designed for promising artists and designers. By incorporating these video lessons into [&hellip;]<\/p>","protected":false},"author":1,"featured_media":0,"parent":0,"menu_order":0,"comment_status":"closed","ping_status":"closed","template":"","meta":{"footnotes":""},"class_list":["post-1365","page","type-page","status-publish","hentry"],"_links":{"self":[{"href":"https:\/\/www.fadsartacademy.com\/tr\/wp-json\/wp\/v2\/pages\/1365","targetHints":{"allow":["GET"]}}],"collection":[{"href":"https:\/\/www.fadsartacademy.com\/tr\/wp-json\/wp\/v2\/pages"}],"about":[{"href":"https:\/\/www.fadsartacademy.com\/tr\/wp-json\/wp\/v2\/types\/page"}],"author":[{"embeddable":true,"href":"https:\/\/www.fadsartacademy.com\/tr\/wp-json\/wp\/v2\/users\/1"}],"replies":[{"embeddable":true,"href":"https:\/\/www.fadsartacademy.com\/tr\/wp-json\/wp\/v2\/comments?post=1365"}],"version-history":[{"count":19,"href":"https:\/\/www.fadsartacademy.com\/tr\/wp-json\/wp\/v2\/pages\/1365\/revisions"}],"predecessor-version":[{"id":1751,"href":"https:\/\/www.fadsartacademy.com\/tr\/wp-json\/wp\/v2\/pages\/1365\/revisions\/1751"}],"wp:attachment":[{"href":"https:\/\/www.fadsartacademy.com\/tr\/wp-json\/wp\/v2\/media?parent=1365"}],"curies":[{"name":"wp","href":"https:\/\/api.w.org\/{rel}","templated":true}]}}