{"id":1413,"date":"2023-05-25T22:23:11","date_gmt":"2023-05-25T22:23:11","guid":{"rendered":"http:\/\/www.fadsartacademy.com\/?page_id=1413"},"modified":"2024-12-10T20:26:44","modified_gmt":"2024-12-10T20:26:44","slug":"education-and-application-counseling","status":"publish","type":"page","link":"https:\/\/www.fadsartacademy.com\/tr\/education-and-application-counseling\/","title":{"rendered":"Haz\u0131rl\u0131k Kurslar\u0131 ve Ba\u015fvuru Dan\u0131\u015fmanl\u0131\u011f\u0131"},"content":{"rendered":"<div class=\"fusion-fullwidth fullwidth-box fusion-builder-row-1 fusion-flex-container has-pattern-background has-mask-background nonhundred-percent-fullwidth non-hundred-percent-height-scrolling\" style=\"--awb-border-radius-top-left:0px;--awb-border-radius-top-right:0px;--awb-border-radius-bottom-right:0px;--awb-border-radius-bottom-left:0px;\">\n<div class=\"fusion-builder-row fusion-row fusion-flex-align-items-flex-start\" style=\"max-width:1216.8px;margin-left: calc(-4% \/ 2 );margin-right: calc(-4% \/ 2 );\">\n<div class=\"fusion-layout-column fusion_builder_column fusion-builder-column-0 fusion_builder_column_1_1 1_1 fusion-flex-column\" style=\"--awb-bg-size:cover;--awb-width-large:100%;--awb-margin-top-large:90px;--awb-spacing-right-large:1.92%;--awb-margin-bottom-large:0px;--awb-spacing-left-large:1.92%;--awb-width-medium:100%;--awb-order-medium:0;--awb-spacing-right-medium:1.92%;--awb-spacing-left-medium:1.92%;--awb-width-small:100%;--awb-order-small:0;--awb-spacing-right-small:1.92%;--awb-spacing-left-small:1.92%;\">\n<div class=\"fusion-column-wrapper fusion-column-has-shadow fusion-flex-justify-content-flex-start fusion-content-layout-column\">\n<div class=\"fusion-title title fusion-title-1 fusion-sep-none fusion-title-text fusion-title-size-two\">\n<h2 class=\"title-heading-left fusion-responsive-typography-calculated\" style='font-family:\"Akshar\";font-style:normal;font-weight:300;margin:0;text-transform:capitalize;--fontSize:60;line-height:var(--awb-typography1-line-height);'><span data-fusion-font=\"true\" data-fusion-google-font=\"Akshar\" data-fusion-google-variant=\"300\" style=\"font-family: Akshar; font-weight: 300;\">Haz\u0131rl\u0131k Kurslar\u0131 ve Ba\u015fvuru Dan\u0131\u015fmanl\u0131\u011f\u0131<\/span><\/h2>\n<\/div>\n<div class=\"fusion-image-element\" style=\"--awb-aspect-ratio:3 \/ 1;--awb-object-position:49% 32%;--awb-caption-title-font-family:var(--h2_typography-font-family);--awb-caption-title-font-weight:var(--h2_typography-font-weight);--awb-caption-title-font-style:var(--h2_typography-font-style);--awb-caption-title-size:var(--h2_typography-font-size);--awb-caption-title-transform:var(--h2_typography-text-transform);--awb-caption-title-line-height:var(--h2_typography-line-height);--awb-caption-title-letter-spacing:var(--h2_typography-letter-spacing);\"><span class=\"image-scroll\"><img alt=\"\" class=\"lazyload img-responsive wp-image-1473 img-with-aspect-ratio\" data-orig-sizes=\"(max-width: 1024px) 100vw, (max-width: 640px) 100vw, 1200px\" data-orig-src=\"http:\/\/www.fadsartacademy.com\/wp-content\/uploads\/2023\/05\/z4-scaled.jpg\" data-sizes=\"auto\" data-srcset=\"https:\/\/www.fadsartacademy.com\/wp-content\/uploads\/2023\/05\/z4-200x149.jpg 200w, https:\/\/www.fadsartacademy.com\/wp-content\/uploads\/2023\/05\/z4-400x297.jpg 400w, https:\/\/www.fadsartacademy.com\/wp-content\/uploads\/2023\/05\/z4-600x446.jpg 600w, https:\/\/www.fadsartacademy.com\/wp-content\/uploads\/2023\/05\/z4-800x595.jpg 800w, https:\/\/www.fadsartacademy.com\/wp-content\/uploads\/2023\/05\/z4-1200x892.jpg 1200w, https:\/\/www.fadsartacademy.com\/wp-content\/uploads\/2023\/05\/z4-scaled.jpg 2560w\" decoding=\"async\" height=\"1903\" src=\"https:\/\/www.fadsartacademy.com\/wp-content\/uploads\/2023\/05\/z4-scaled.jpg\" srcset=\"data:image\/svg+xml,%3Csvg%20xmlns%3D%27http%3A%2F%2Fwww.w3.org%2F2000%2Fsvg%27%20width%3D%272560%27%20height%3D%271903%27%20viewBox%3D%270%200%202560%201903%27%3E%3Crect%20width%3D%272560%27%20height%3D%271903%27%20fill-opacity%3D%220%22%2F%3E%3C%2Fsvg%3E\" title=\"z4\" width=\"2560\"\/><\/span><\/div>\n<div class=\"fusion-text fusion-text-1\">\n<p><span style=\"color: var(--awb-text-color); font-family: var(--awb-text-font-family); font-size: var(--awb-font-size); font-style: var(--awb-text-font-style); font-weight: var(--awb-text-font-weight); letter-spacing: var(--awb-letter-spacing); text-align: var(--awb-content-alignment); text-transform: var(--awb-text-transform); background-color: var(--awb-bg-color);\"> <\/span><\/p>\n<p><span style=\"background-color: var(--awb-bg-color); color: var(--awb-text-color); font-family: var(--awb-text-font-family); font-size: var(--awb-font-size); font-style: var(--awb-text-font-style); font-weight: var(--awb-text-font-weight); letter-spacing: var(--awb-letter-spacing); text-align: var(--awb-content-alignment); text-transform: var(--awb-text-transform);\"><br \/><\/span><\/p>\n<p><span style=\"background-color: var(--awb-bg-color); color: var(--awb-text-color); font-family: var(--awb-text-font-family); font-size: var(--awb-font-size); font-style: var(--awb-text-font-style); font-weight: var(--awb-text-font-weight); letter-spacing: var(--awb-letter-spacing); text-align: var(--awb-content-alignment); text-transform: var(--awb-text-transform);\"> F.A.D.S Sanat ve Tasar\u0131m Okulu olarak, sanatsal yetene\u011fin k\u00fcresel f\u0131rsatlara y\u00f6nlendirilmesi ve desteklenmesi gerekti\u011fine inan\u0131yoruz.  F.A.D.S'da, g\u00fczel sanatlar alan\u0131nda bir kariyerin pe\u015finde ko\u015fman\u0131n sadece ola\u011fan\u00fcst\u00fc yetenekle s\u0131n\u0131rl\u0131 olmad\u0131\u011f\u0131n\u0131, ayn\u0131 zamanda kapsaml\u0131 bilgi ve deneyime ve mentorlere ihtiya\u00e7 duyuldu\u011funu y\u0131llard\u0131r deneyimliyoruz. F.A.D.S olarak, d\u00fcnyan\u0131n bir \u00e7ok \u00fclkesine prestijli uluslararas\u0131 kolejlerde  ve \u00fcniversitelerde okuma hayallerini ger\u00e7ekle\u015ftirmelerinde gereken deste\u011fi vermenin tecr\u00fcbesi ya\u015f\u0131yoruz. Kapsaml\u0131 E\u011fitim ve uluslararas\u0131 sanat e\u011fitimi dan\u0131\u015fmanl\u0131\u011f\u0131yla, \u00f6\u011frencilere \u00fcniversite kabul s\u00fcrecinde ba\u015far\u0131l\u0131 bir \u015fekilde ilerlemek i\u00e7in akademik tecr\u00fcbelerini ve g\u00fcncel bilgilerini payla\u015f\u0131r.<\/span><\/p>\n<p>Akademik m\u00fckemmellik, sanatsal geli\u015fim ve bireysel destek kombinasyonuyla F.A.D.S, gelece\u011fin global sanat\u00e7\u0131lar\u0131n\u0131n ve tasar\u0131mc\u0131lar\u0131n\u0131n \u015fekillenmesine katk\u0131da bulunuyor. F.A.D.S'e kat\u0131l\u0131n ve s\u0131n\u0131rs\u0131z sanatsal imkanlarla dolu, uluslararas\u0131 alanda tan\u0131nan bir gelece\u011fe do\u011fru d\u00f6n\u00fc\u015f\u00fcm dolu bir yolculu\u011fa ba\u015flay\u0131n.<\/p>\n<p>Uluslararas\u0131 E\u011fitim Dan\u0131\u015fmanl\u0131\u011f\u0131<\/p>\n<p>F.A.D.S consultants provide guidance to students in selecting international colleges and universities that align with their goals, academic profiles, and artistic preferences. Apart from offering information and support based on students\u2019 expectations, they also manage the application process to ensure that the prerequisites of some universities, for which they serve as official representatives, are met. We assist students in presenting themselves effectively and professionally during the application process. With an extensive global network, F.A.D.S has gained recognition from numerous schools worldwide and is esteemed for its successful references.<\/p>\n<p>Dedicated to excellence in art education, F.A.D.S has established itself as a leading institution committed to shaping the future\u2019s promising artists and designers.<\/p>\n<p>\u0130talyan tasar\u0131m ve sanat okullar\u0131n\u0131n resmi T\u00fcrkiye temsilcisi olan F.A.D.S, y\u0131llard\u0131r d\u00fcnya s\u0131ralamalar\u0131nda ilk s\u0131ralarda yer alan \u015fu okullar\u0131n temsilcisidir:<\/p>\n<p>POLIMODA, The Fashion School in Florence, Italy<\/p>\n<p>Istituto MARANGONI, Italy<\/p>\n<p>\n<span style=\"position: absolute; left: -9655px; width: 1px; height: 1px;\"><\/p>\n<p><\/span><br \/>\nIED - Istituto Europeo di Design, Italy<\/p>\n<p>RUFA - Rome University of Fine Arts, Italy<\/p>\n<\/div>\n<\/div>\n<\/div>\n<\/div>\n<\/div>\n<div class=\"fusion-fullwidth fullwidth-box fusion-builder-row-2 fusion-flex-container has-pattern-background has-mask-background nonhundred-percent-fullwidth non-hundred-percent-height-scrolling\" style=\"--awb-border-radius-top-left:0px;--awb-border-radius-top-right:0px;--awb-border-radius-bottom-right:0px;--awb-border-radius-bottom-left:0px;\">\n<div class=\"fusion-builder-row fusion-row fusion-flex-align-items-flex-start\" style=\"max-width:1216.8px;margin-left: calc(-4% \/ 2 );margin-right: calc(-4% \/ 2 );\"><\/div>\n<\/div>","protected":false},"excerpt":{"rendered":"<p>Preperation Courses And Application Counseling F.A.D.S School of Art and Design, we believe that artistic talent should be directed and supported towards global opportunities. At F.A.D.S, we have experienced that pursuing a career in fine [&hellip;]<\/p>","protected":false},"author":1,"featured_media":0,"parent":0,"menu_order":0,"comment_status":"closed","ping_status":"closed","template":"","meta":{"footnotes":""},"class_list":["post-1413","page","type-page","status-publish","hentry"],"_links":{"self":[{"href":"https:\/\/www.fadsartacademy.com\/tr\/wp-json\/wp\/v2\/pages\/1413","targetHints":{"allow":["GET"]}}],"collection":[{"href":"https:\/\/www.fadsartacademy.com\/tr\/wp-json\/wp\/v2\/pages"}],"about":[{"href":"https:\/\/www.fadsartacademy.com\/tr\/wp-json\/wp\/v2\/types\/page"}],"author":[{"embeddable":true,"href":"https:\/\/www.fadsartacademy.com\/tr\/wp-json\/wp\/v2\/users\/1"}],"replies":[{"embeddable":true,"href":"https:\/\/www.fadsartacademy.com\/tr\/wp-json\/wp\/v2\/comments?post=1413"}],"version-history":[{"count":19,"href":"https:\/\/www.fadsartacademy.com\/tr\/wp-json\/wp\/v2\/pages\/1413\/revisions"}],"predecessor-version":[{"id":1750,"href":"https:\/\/www.fadsartacademy.com\/tr\/wp-json\/wp\/v2\/pages\/1413\/revisions\/1750"}],"wp:attachment":[{"href":"https:\/\/www.fadsartacademy.com\/tr\/wp-json\/wp\/v2\/media?parent=1413"}],"curies":[{"name":"wp","href":"https:\/\/api.w.org\/{rel}","templated":true}]}}